{"id":28428,"date":"2017-06-15T14:25:59","date_gmt":"2017-06-15T14:25:59","guid":{"rendered":"http:\/\/democontent.codex-themes.com\/thegem-blog\/?page_id=28428"},"modified":"2021-12-23T17:36:04","modified_gmt":"2021-12-23T16:36:04","slug":"homepage-grid-based-blog","status":"publish","type":"page","link":"https:\/\/sofiesvane.dk\/","title":{"rendered":"SofieSvane_Blog_Forside"},"content":{"rendered":"<p>[vc_row full_width=&#8221;stretch_row&#8221; full_height=&#8221;yes&#8221; content_placement=&#8221;middle&#8221; css=&#8221;.vc_custom_1498048847310{margin-bottom: 0px !important;padding-bottom: 0px !important;background-image: url(https:\/\/sofiesvane.dk\/wp-content\/uploads\/2017\/06\/2.jpg?id=28430) !important;background-position: center !important;background-repeat: no-repeat !important;background-size: cover !important;}&#8221; el_class=&#8221;styled-xlarge&#8221;][vc_column css=&#8221;.vc_custom_1497537007308{margin-bottom: 0px !important;padding-bottom: 0px !important;}&#8221;][vc_column_text]<\/p>\n<div class=\"title-h2\" style=\"text-align: center;\"><span style=\"color: #ffffff;\"><span class=\"light\">Velkommen til en Kreativ Verden af<\/span><\/span><\/div>\n<p>[\/vc_column_text]<div class=\"clearboth\"><\/div><div class=\"gem-divider \" style=\"margin-top: 35px;\"><\/div>[vc_column_text]<\/p>\n<div class=\"title-xlarge\" style=\"text-align: center; color: #fff; font-size: 120px;\"><span style=\"font-family: Montserrat UltraLight;\"><span style=\"font-weight: 400;\"><span style=\"color: #ffffff;\">Sofie <strong>Svane<\/strong><\/span><\/span><\/span><\/div>\n<p>[\/vc_column_text]<div class=\"clearboth\"><\/div><div class=\"gem-divider \" style=\"margin-top: 80px;\"><\/div>[\/vc_column][\/vc_row][vc_row][vc_column][vc_row_inner][vc_column_inner]<div   class=\"gem-quote gem-quote-style-default\" ><blockquote  ><\/p>\n<h1>&#8220;Life is about the journey, not the destination&#8221;<\/h1>\n<p><\/blockquote><\/div>[\/vc_column_inner][\/vc_row_inner][\/vc_column][\/vc_row][vc_row][vc_column css=&#8221;.vc_custom_1639268956996{margin-top: 10px !important;margin-bottom: 10px !important;}&#8221;]<div class=\"clearboth\"><\/div><div class=\"gem-divider \" style=\"margin-top: 30px;\"><\/div>[vc_column_text]<\/p>\n<h4 style=\"text-align: left;\">Seneste indl\u00e6g<\/h4>\n<p>[\/vc_column_text][vc_separator]<div class=\"clearboth\"><\/div><div class=\"gem-divider \" style=\"margin-top: 30px;\"><\/div>[\/vc_column][\/vc_row][vc_row][vc_column]<div class=\"blog blog-style-justified-3x justified-style-2 inline-row clearfix item-animation-move-up\" data-next-page=\"0\">\n<article id=\"post-29092\" class=\"col-lg-4 col-md-4 col-sm-6 col-xs-6 inline-column item-animations-not-inited post-29092 post type-post status-publish format-standard has-post-thumbnail category-do-it-yourself category-indretning_og_organisering category-jul_og_gaveindpakning category-kunst category-lifehacks category-upcycling\"> <div class=\"post-content-wrapper\" style=\"\"> <div class=\"post-image\"><div class=\"post-featured-content\"><a href=\"https:\/\/sofiesvane.dk\/?p=29092\"> <picture> <source srcset=\"https:\/\/sofiesvane.dk\/wp-content\/uploads\/2020\/01\/blocks-image-22-thegem-blog-justified.jpg 1x, https:\/\/sofiesvane.dk\/wp-content\/uploads\/2020\/01\/blocks-image-22-thegem-blog-justified.jpg 2x\" media=\"(max-width: 992px)\" sizes=\"100vw\"> <source srcset=\"https:\/\/sofiesvane.dk\/wp-content\/uploads\/2020\/01\/blocks-image-22-thegem-blog-justified-3x-small.jpg 1x, https:\/\/sofiesvane.dk\/wp-content\/uploads\/2020\/01\/blocks-image-22-thegem-blog-justified.jpg 2x\" media=\"(max-width: 1100px)\" sizes=\"100vw\"> <source srcset=\"https:\/\/sofiesvane.dk\/wp-content\/uploads\/2020\/01\/blocks-image-22-thegem-blog-justified-3x.jpg 1x, https:\/\/sofiesvane.dk\/wp-content\/uploads\/2020\/01\/blocks-image-22-thegem-blog-justified.jpg 2x\" media=\"(max-width: 1920px)\" sizes=\"100vw\"> <img decoding=\"async\" src=\"https:\/\/sofiesvane.dk\/wp-content\/uploads\/2020\/01\/blocks-image-22-thegem-blog-justified.jpg\" width=\"640\" height=\"480\" class=\"img-responsive\" alt=\"blocks-image-22 (Demo)\" \/> <\/picture> <\/a><\/div><\/div> <div class=\"description\"> <div class=\"post-meta-conteiner\"> <span class=\"post-meta-author\">By <a href=\"https:\/\/sofiesvane.dk\" title=\"Visit Sofie Svane&#8217;s website\" rel=\"author external\">Sofie Svane<\/a><\/span> <div class=\"post-meta-right\"> <\/div> <\/div> <div class=\"post-title\"> <div class=\"entry-title title-h4\"><a href=\"https:\/\/sofiesvane.dk\/?p=29092\" rel=\"bookmark\" style=\"color: #006d5b\">22 Dec: <span class=\"light\">Velkommen til min blog<\/span><\/a><\/div> <\/div> <div class=\"post-text\"> <div class=\"summary\"> <p>&nbsp; &nbsp; Jeg byder alle velkommen til min helt nye blog, som vil inkludere mine kreative tanker alt fra design,&#8230;<\/p> <\/div> <\/div> <div class=\"info clearfix\"> <div class=\"post-read-more\"><div class=\"gem-button-container gem-button-position-inline thegem-button-69d9ffff555439916\" ><a class=\"gem-button gem-button-size-tiny gem-button-style-outline gem-button-text-weight-normal gem-button-border-2\"data-ll-effect=\"drop-right-without-wrap\" style=\"border-radius: 3px;\" onmouseleave=\"\" onmouseenter=\"\" href=\"https:\/\/sofiesvane.dk\/?p=29092\" target=\"_self\">Read More<\/a><\/div> <\/div> <\/div> <\/div> <\/div>\n<\/article> <article id=\"post-29038\" class=\"col-lg-4 col-md-4 col-sm-6 col-xs-6 inline-column item-animations-not-inited post-29038 post type-post status-publish format-standard has-post-thumbnail category-do-it-yourself category-foretrukne_diy\"> <div class=\"post-content-wrapper\" style=\"\"> <div class=\"post-image\"><div class=\"post-featured-content\"><a href=\"https:\/\/sofiesvane.dk\/?p=29038\"> <picture> <source srcset=\"https:\/\/sofiesvane.dk\/wp-content\/uploads\/2020\/01\/blocks-image-24-thegem-blog-justified.jpg 1x, https:\/\/sofiesvane.dk\/wp-content\/uploads\/2020\/01\/blocks-image-24-thegem-blog-justified.jpg 2x\" media=\"(max-width: 992px)\" sizes=\"100vw\"> <source srcset=\"https:\/\/sofiesvane.dk\/wp-content\/uploads\/2020\/01\/blocks-image-24-thegem-blog-justified-3x-small.jpg 1x, https:\/\/sofiesvane.dk\/wp-content\/uploads\/2020\/01\/blocks-image-24-thegem-blog-justified.jpg 2x\" media=\"(max-width: 1100px)\" sizes=\"100vw\"> <source srcset=\"https:\/\/sofiesvane.dk\/wp-content\/uploads\/2020\/01\/blocks-image-24-thegem-blog-justified-3x.jpg 1x, https:\/\/sofiesvane.dk\/wp-content\/uploads\/2020\/01\/blocks-image-24-thegem-blog-justified.jpg 2x\" media=\"(max-width: 1920px)\" sizes=\"100vw\"> <img decoding=\"async\" src=\"https:\/\/sofiesvane.dk\/wp-content\/uploads\/2020\/01\/blocks-image-24-thegem-blog-justified.jpg\" width=\"640\" height=\"480\" class=\"img-responsive\" alt=\"blocks-image-24 (Demo)\" \/> <\/picture> <\/a><\/div><\/div> <div class=\"description\"> <div class=\"post-meta-conteiner\"> <span class=\"post-meta-author\">By <a href=\"https:\/\/sofiesvane.dk\" title=\"Visit Sofie Svane&#8217;s website\" rel=\"author external\">Sofie Svane<\/a><\/span> <div class=\"post-meta-right\"> <\/div> <\/div> <div class=\"post-title\"> <div class=\"entry-title title-h4\"><a href=\"https:\/\/sofiesvane.dk\/?p=29038\" rel=\"bookmark\" style=\"color: #006d5b\">11 Dec: <span class=\"light\">Oph\u00e6ng til Krydderurter<\/span><\/a><\/div> <\/div> <div class=\"post-text\"> <div class=\"summary\"> <p>[vc_row][vc_column][vc_column_text] Overskrift [\/vc_column_text][\/vc_column][vc_column][vc_single_image image=&#8221;127&#8243; img_size=&#8221;full&#8221; alignment=&#8221;center&#8221;][\/vc_column][vc_column][vc_column_text]Ide til nyt Krydderurte oph\u00e6ng: psum dolor sit amet, consectetur adi pisicing elit, sed do&#8230;<\/p> <\/div> <\/div> <div class=\"info clearfix\"> <div class=\"post-read-more\"><div class=\"gem-button-container gem-button-position-inline thegem-button-69d9ffff562af3676\" ><a class=\"gem-button gem-button-size-tiny gem-button-style-outline gem-button-text-weight-normal gem-button-border-2\"data-ll-effect=\"drop-right-without-wrap\" style=\"border-radius: 3px;\" onmouseleave=\"\" onmouseenter=\"\" href=\"https:\/\/sofiesvane.dk\/?p=29038\" target=\"_self\">Read More<\/a><\/div> <\/div> <\/div> <\/div> <\/div>\n<\/article>\n<\/div><div class=\"clearboth\"><\/div><div class=\"gem-divider \" style=\"margin-bottom: 5px;\"><\/div>[vc_separator][\/vc_column][\/vc_row][vc_row][vc_column][vc_column_text]<\/p>\n<h2 style=\"text-align: center;\">Om mig<\/h2>\n<p>[\/vc_column_text]<div class=\"clearboth\"><\/div><div class=\"gem-divider \" style=\"margin-top: 30px;\"><\/div>[vc_row_inner equal_height=&#8221;yes&#8221; gap=&#8221;1&#8243;][vc_column_inner width=&#8221;1\/2&#8243;][vc_single_image image=&#8221;28703&#8243; img_size=&#8221;large&#8221; alignment=&#8221;center&#8221;][\/vc_column_inner][vc_column_inner width=&#8221;1\/2&#8243;][vc_column_text]<\/p>\n<h2 style=\"text-align: center;\"><\/h2>\n<p>&nbsp;<\/p>\n<p>Mit navn er Sofie Svane, Jeg er f\u00f8dt og opvokset i Bagsv\u00e6rd, og bor nu i Kgs. Lyngby med min dejlige hund og k\u00e6reste.<\/p>\n<p>jeg har en passion og interesse for kreative elementer lige fra dekoration og indretning, til rejser og fotografi samt DIY. Min blog er et fors\u00f8g p\u00e5 at dele ud af de tanker, og de, if\u00f8lge mig selv, kreative elementer som jeg roder med.[\/vc_column_text][\/vc_column_inner][\/vc_row_inner]<div class=\"clearboth\"><\/div><div class=\"gem-divider \" style=\"margin-top: 30px;margin-bottom: 50px;\"><\/div>[\/vc_column][\/vc_row]<\/p>\n","protected":false},"excerpt":{"rendered":"<p>[vc_row full_width=&#8221;stretch_row&#8221; full_height=&#8221;yes&#8221; content_placement=&#8221;middle&#8221; css=&#8221;.vc_custom_1498048847310{margin-bottom: 0px !important;padding-bottom: 0px !important;background-image: url(https:\/\/sofiesvane.dk\/wp-content\/uploads\/2017\/06\/2.jpg?id=28430) !important;background-position: center !important;background-repeat: no-repeat !important;background-size: cover !important;}&#8221; el_class=&#8221;styled-xlarge&#8221;][vc_column css=&#8221;.vc_custom_1497537007308{margin-bottom: 0px&#8230;<\/p>\n","protected":false},"author":1,"featured_media":0,"parent":0,"menu_order":0,"comment_status":"closed","ping_status":"closed","template":"","meta":{"_monsterinsights_skip_tracking":false,"_monsterinsights_sitenote_active":false,"_monsterinsights_sitenote_note":"","_monsterinsights_sitenote_category":0,"footnotes":""},"_links":{"self":[{"href":"https:\/\/sofiesvane.dk\/index.php?rest_route=\/wp\/v2\/pages\/28428"}],"collection":[{"href":"https:\/\/sofiesvane.dk\/index.php?rest_route=\/wp\/v2\/pages"}],"about":[{"href":"https:\/\/sofiesvane.dk\/index.php?rest_route=\/wp\/v2\/types\/page"}],"author":[{"embeddable":true,"href":"https:\/\/sofiesvane.dk\/index.php?rest_route=\/wp\/v2\/users\/1"}],"replies":[{"embeddable":true,"href":"https:\/\/sofiesvane.dk\/index.php?rest_route=%2Fwp%2Fv2%2Fcomments&post=28428"}],"version-history":[{"count":35,"href":"https:\/\/sofiesvane.dk\/index.php?rest_route=\/wp\/v2\/pages\/28428\/revisions"}],"predecessor-version":[{"id":29122,"href":"https:\/\/sofiesvane.dk\/index.php?rest_route=\/wp\/v2\/pages\/28428\/revisions\/29122"}],"wp:attachment":[{"href":"https:\/\/sofiesvane.dk\/index.php?rest_route=%2Fwp%2Fv2%2Fmedia&parent=28428"}],"curies":[{"name":"wp","href":"https:\/\/api.w.org\/{rel}","templated":true}]}}